{"id":264,"date":"2021-04-09T18:48:16","date_gmt":"2021-04-09T16:48:16","guid":{"rendered":"http:\/\/mfknuob.cluster029.hosting.ovh.net\/?page_id=264"},"modified":"2021-11-26T20:22:10","modified_gmt":"2021-11-26T19:22:10","slug":"agenda-2","status":"publish","type":"page","link":"https:\/\/pixelbisontin.fr\/index.php\/agenda-2\/","title":{"rendered":"Agenda"},"content":{"rendered":"\t\t<div data-elementor-type=\"wp-page\" data-elementor-id=\"264\" class=\"elementor elementor-264\" data-elementor-settings=\"{&quot;ha_cmc_init_switcher&quot;:&quot;no&quot;}\">\n\t\t\t\t\t\t<section class=\"elementor-section elementor-top-section elementor-element elementor-element-fddd7ce elementor-section-boxed elementor-section-height-default elementor-section-height-default\" data-id=\"fddd7ce\" data-element_type=\"section\" data-settings=\"{&quot;_ha_eqh_enable&quot;:false}\">\n\t\t\t\t\t\t<div class=\"elementor-container elementor-column-gap-default\">\n\t\t\t\t\t<div class=\"elementor-column elementor-col-100 elementor-top-column elementor-element elementor-element-9eef686\" data-id=\"9eef686\" data-element_type=\"column\">\n\t\t\t<div class=\"elementor-widget-wrap elementor-element-populated\">\n\t\t\t\t\t\t<div class=\"elementor-element elementor-element-aa6bcb5 elementor-widget elementor-widget-heading\" data-id=\"aa6bcb5\" data-element_type=\"widget\" data-widget_type=\"heading.default\">\n\t\t\t\t<div class=\"elementor-widget-container\">\n\t\t\t\t\t<h1 class=\"elementor-heading-title elementor-size-default\">Nos \u00e9v\u00e9nements \u00e0 venir<\/h1>\t\t\t\t<\/div>\n\t\t\t\t<\/div>\n\t\t\t\t<div class=\"elementor-element elementor-element-ede8a9c elementor-widget-divider--view-line elementor-widget elementor-widget-divider\" data-id=\"ede8a9c\" data-element_type=\"widget\" data-widget_type=\"divider.default\">\n\t\t\t\t<div class=\"elementor-widget-container\">\n\t\t\t\t\t\t\t<div class=\"elementor-divider\">\n\t\t\t<span class=\"elementor-divider-separator\">\n\t\t\t\t\t\t<\/span>\n\t\t<\/div>\n\t\t\t\t\t\t<\/div>\n\t\t\t\t<\/div>\n\t\t\t\t<div class=\"elementor-element elementor-element-33ed515 elementor-grid-eael-col-4 elementor-grid-tablet-eael-col-2 elementor-grid-mobile-eael-col-1 elementor-widget elementor-widget-eael-post-grid\" data-id=\"33ed515\" data-element_type=\"widget\" data-settings=\"{&quot;eael_post_grid_columns&quot;:&quot;eael-col-4&quot;,&quot;eael_post_grid_columns_tablet&quot;:&quot;eael-col-2&quot;,&quot;eael_post_grid_columns_mobile&quot;:&quot;eael-col-1&quot;}\" data-widget_type=\"eael-post-grid.default\">\n\t\t\t\t<div class=\"elementor-widget-container\">\n\t\t\t\t\t<div id=\"eael-post-grid-33ed515\" class=\"eael-post-grid-container\">\n            <div class=\"eael-post-grid eael-post-appender eael-post-appender-33ed515 eael-post-grid-style-one\" data-layout-mode=\"masonry\"><article class=\"eael-grid-post eael-post-grid-column\" data-id=\"6524\">\n        <div class=\"eael-grid-post-holder\">\n            <div class=\"eael-grid-post-holder-inner\"><div class=\"eael-entry-media\"><div class=\"eael-entry-overlay fade-in\"><i class=\"fas fa-long-arrow-alt-right\" aria-hidden=\"true\"><\/i><a href=\"https:\/\/pixelbisontin.fr\/index.php\/2025\/04\/08\/lart-de-jouer-pixel-art-4eme-edition\/\"><\/a><\/div><div class=\"eael-entry-thumbnail \">\n                <img fetchpriority=\"high\" decoding=\"async\" width=\"204\" height=\"300\" src=\"https:\/\/pixelbisontin.fr\/wp-content\/uploads\/2025\/04\/486668820_1080960533837181_1567882931169488451_n-204x300.jpg\" class=\"attachment-medium size-medium wp-image-6525\" alt=\"\" srcset=\"https:\/\/pixelbisontin.fr\/wp-content\/uploads\/2025\/04\/486668820_1080960533837181_1567882931169488451_n-204x300.jpg 204w, https:\/\/pixelbisontin.fr\/wp-content\/uploads\/2025\/04\/486668820_1080960533837181_1567882931169488451_n.jpg 643w\" sizes=\"(max-width: 204px) 100vw, 204px\" \/>\n            <\/div>\n        <\/div><div class=\"eael-entry-wrapper\"><header class=\"eael-entry-header\"><h2 class=\"eael-entry-title\"><a\n                        class=\"eael-grid-post-link\"\n                        href=\"https:\/\/pixelbisontin.fr\/index.php\/2025\/04\/08\/lart-de-jouer-pixel-art-4eme-edition\/\"\n                        title=\"L&rsquo;art de Jouer : Pixel Art 4\u00e8me \u00e9dition\">L&rsquo;art de Jouer : Pixel Art 4\u00e8me \u00e9dition<\/a><\/h2><\/header><div class=\"eael-entry-content\">\n                        <div class=\"eael-grid-post-excerpt\"><p>Le mus\u00e9e des beaux-arts et d\u2019arch\u00e9ologie de Besan\u00e7on et l&rsquo;Association...<\/p><a href=\"https:\/\/pixelbisontin.fr\/index.php\/2025\/04\/08\/lart-de-jouer-pixel-art-4eme-edition\/\" class=\"eael-post-elements-readmore-btn\">En Savoir Plus<\/a><\/div>\n                    <\/div><div class=\"eael-entry-footer\"><div class=\"eael-entry-meta\"><\/div><\/div><\/div><\/div>\n        <\/div>\n    <\/article><\/div>\n            <div class=\"clearfix\"><\/div>\n        <\/div>\t\t\t\t<\/div>\n\t\t\t\t<\/div>\n\t\t\t\t<div class=\"elementor-element elementor-element-9d2aa0a elementor-widget elementor-widget-spacer\" data-id=\"9d2aa0a\" data-element_type=\"widget\" data-widget_type=\"spacer.default\">\n\t\t\t\t<div class=\"elementor-widget-container\">\n\t\t\t\t\t\t\t<div class=\"elementor-spacer\">\n\t\t\t<div class=\"elementor-spacer-inner\"><\/div>\n\t\t<\/div>\n\t\t\t\t\t\t<\/div>\n\t\t\t\t<\/div>\n\t\t\t\t<div class=\"elementor-element elementor-element-b115d6f elementor-widget elementor-widget-heading\" data-id=\"b115d6f\" data-element_type=\"widget\" data-widget_type=\"heading.default\">\n\t\t\t\t<div class=\"elementor-widget-container\">\n\t\t\t\t\t<h1 class=\"elementor-heading-title elementor-size-default\">Nos \u00e9v\u00e9nements pass\u00e9s<\/h1>\t\t\t\t<\/div>\n\t\t\t\t<\/div>\n\t\t\t\t<div class=\"elementor-element elementor-element-43c17ab elementor-widget-divider--view-line elementor-widget elementor-widget-divider\" data-id=\"43c17ab\" data-element_type=\"widget\" data-widget_type=\"divider.default\">\n\t\t\t\t<div class=\"elementor-widget-container\">\n\t\t\t\t\t\t\t<div class=\"elementor-divider\">\n\t\t\t<span class=\"elementor-divider-separator\">\n\t\t\t\t\t\t<\/span>\n\t\t<\/div>\n\t\t\t\t\t\t<\/div>\n\t\t\t\t<\/div>\n\t\t\t\t<div class=\"elementor-element elementor-element-798d0a8 elementor-widget elementor-widget-eael-post-timeline\" data-id=\"798d0a8\" data-element_type=\"widget\" data-widget_type=\"eael-post-timeline.default\">\n\t\t\t\t<div class=\"elementor-widget-container\">\n\t\t\t\t\t<div id=\"eael-post-timeline-798d0a8\" class=\"eael-post-timeline timeline-layout-default eael-post-timeline-arrow-\">\n            <div class=\"eael-post-timeline eael-post-appender eael-post-appender-798d0a8\"><article class=\"eael-timeline-post eael-timeline-column\">\n    <div class=\"eael-timeline-bullet\"><\/div>\n    <div class=\"eael-timeline-post-inner\">\n        <a class=\"eael-timeline-post-link\" href=\"https:\/\/pixelbisontin.fr\/index.php\/2023\/02\/27\/pixel-art-2eme-edition\/\" title=\"Pixel Art 2\u00e9me \u00e9dition\">\n            <time datetime=\"27 f\u00e9vrier 2023\">27 f\u00e9vrier 2023<\/time>\n            <div class=\"eael-timeline-post-image  attachment-medium_large size-medium_large\" style=\"background-image: url(https:\/\/pixelbisontin.fr\/wp-content\/uploads\/2023\/02\/281730015_5706846199343412_4285561692338185958_n-768x831.jpg);\"><\/div><div class=\"eael-timeline-post-excerpt\"><p>Le mus\u00e9e des Beaux-Arts et d\u2019Arch\u00e9ologie s\u2019associe \u00e0 l\u2019association du...<\/p><\/div><div class=\"eael-timeline-post-title\">\n                    <h2 class=\"eael-timeline-post-title-text\">Pixel Art 2\u00e9me \u00e9dition<\/h2>\n                <\/div><\/a>\n    <\/div>\n<\/article><article class=\"eael-timeline-post eael-timeline-column\">\n    <div class=\"eael-timeline-bullet\"><\/div>\n    <div class=\"eael-timeline-post-inner\">\n        <a class=\"eael-timeline-post-link\" href=\"https:\/\/pixelbisontin.fr\/index.php\/2023\/02\/27\/bug-days-3eme-edition\/\" title=\"Bug Days 3\u00e9me \u00e9dition\">\n            <time datetime=\"27 f\u00e9vrier 2023\">27 f\u00e9vrier 2023<\/time>\n            <div class=\"eael-timeline-post-image  attachment-medium_large size-medium_large\" style=\"background-image: url(https:\/\/pixelbisontin.fr\/wp-content\/uploads\/2023\/02\/330130091_581509067175728_1080078260990456855_n-768x432.jpg);\"><\/div><div class=\"eael-timeline-post-excerpt\"><p>Ton \u00e9v\u00e8nement pop culture pr\u00e9f\u00e9r\u00e9 revient \u00e0 Besan\u00e7on les 28...<\/p><\/div><div class=\"eael-timeline-post-title\">\n                    <h2 class=\"eael-timeline-post-title-text\">Bug Days 3\u00e9me \u00e9dition<\/h2>\n                <\/div><\/a>\n    <\/div>\n<\/article><article class=\"eael-timeline-post eael-timeline-column\">\n    <div class=\"eael-timeline-bullet\"><\/div>\n    <div class=\"eael-timeline-post-inner\">\n        <a class=\"eael-timeline-post-link\" href=\"https:\/\/pixelbisontin.fr\/index.php\/2023\/02\/27\/pokheimon-2\/\" title=\"Pokheimon 2\">\n            <time datetime=\"27 f\u00e9vrier 2023\">27 f\u00e9vrier 2023<\/time>\n            <div class=\"eael-timeline-post-image  attachment-medium_large size-medium_large\" style=\"background-image: url(https:\/\/pixelbisontin.fr\/wp-content\/uploads\/2023\/02\/299189950_188847390193408_8535689552830929156_n-768x644.jpg);\"><\/div><div class=\"eael-timeline-post-excerpt\"><p>Le festival d\u00e9di\u00e9 aux monstres de poche est de retour...<\/p><\/div><div class=\"eael-timeline-post-title\">\n                    <h2 class=\"eael-timeline-post-title-text\">Pokheimon 2<\/h2>\n                <\/div><\/a>\n    <\/div>\n<\/article><article class=\"eael-timeline-post eael-timeline-column\">\n    <div class=\"eael-timeline-bullet\"><\/div>\n    <div class=\"eael-timeline-post-inner\">\n        <a class=\"eael-timeline-post-link\" href=\"https:\/\/pixelbisontin.fr\/index.php\/2023\/02\/27\/ludinam-2023\/\" title=\"Ludinam 2023\">\n            <time datetime=\"27 f\u00e9vrier 2023\">27 f\u00e9vrier 2023<\/time>\n            <div class=\"eael-timeline-post-image  attachment-medium_large size-medium_large\" style=\"background-image: url(https:\/\/pixelbisontin.fr\/wp-content\/uploads\/2023\/02\/318329755_641870524322337_8009533507501902772_n-768x1085.jpg);\"><\/div><div class=\"eael-timeline-post-excerpt\"><p>Nous serons pr\u00e9sent sur le festival Ludinam \u00e0 Besan\u00e7on du...<\/p><\/div><div class=\"eael-timeline-post-title\">\n                    <h2 class=\"eael-timeline-post-title-text\">Ludinam 2023<\/h2>\n                <\/div><\/a>\n    <\/div>\n<\/article><article class=\"eael-timeline-post eael-timeline-column\">\n    <div class=\"eael-timeline-bullet\"><\/div>\n    <div class=\"eael-timeline-post-inner\">\n        <a class=\"eael-timeline-post-link\" href=\"https:\/\/pixelbisontin.fr\/index.php\/2023\/02\/25\/tournoi-marvel-snap-au-e-bar\/\" title=\"Tournoi Marvel Snap au E-bar\">\n            <time datetime=\"25 f\u00e9vrier 2023\">25 f\u00e9vrier 2023<\/time>\n            <div class=\"eael-timeline-post-image  attachment-medium_large size-medium_large\" style=\"background-image: url(https:\/\/pixelbisontin.fr\/wp-content\/uploads\/2023\/02\/328544660_3447656172158860_8874942627245506131_n-768x405.jpg);\"><\/div><div class=\"eael-timeline-post-excerpt\"><p>Premier tournoi sur le nouveau jeu de carte Marvel Snap,...<\/p><\/div><div class=\"eael-timeline-post-title\">\n                    <h2 class=\"eael-timeline-post-title-text\">Tournoi Marvel Snap au E-bar<\/h2>\n                <\/div><\/a>\n    <\/div>\n<\/article><article class=\"eael-timeline-post eael-timeline-column\">\n    <div class=\"eael-timeline-bullet\"><\/div>\n    <div class=\"eael-timeline-post-inner\">\n        <a class=\"eael-timeline-post-link\" href=\"https:\/\/pixelbisontin.fr\/index.php\/2022\/12\/03\/telethon-les-24h-du-jeu\/\" title=\"T\u00e9l\u00e9thon les 24h du jeu\">\n            <time datetime=\"3 d\u00e9cembre 2022\">3 d\u00e9cembre 2022<\/time>\n            <div class=\"eael-timeline-post-image  attachment-medium_large size-medium_large\" style=\"background-image: url(https:\/\/pixelbisontin.fr\/wp-content\/uploads\/2023\/02\/316407347_575930264341457_3581190291390652226_n-768x1086.jpg);\"><\/div><div class=\"eael-timeline-post-excerpt\"><p>Cette ann\u00e9e, la maison de quartier accueillera le t\u00e9l\u00e9thon les...<\/p><\/div><div class=\"eael-timeline-post-title\">\n                    <h2 class=\"eael-timeline-post-title-text\">T\u00e9l\u00e9thon les 24h du jeu<\/h2>\n                <\/div><\/a>\n    <\/div>\n<\/article><\/div>\n\t\t<\/div>            <div class=\"eael-load-more-button-wrap\">\n                <button class=\"eael-load-more-button\" id=\"eael-load-more-btn-798d0a8\" data-widget-id=\"798d0a8\" data-widget=\"798d0a8\" data-page-id=\"264\" data-template=\"{&quot;dir&quot;:&quot;lite&quot;,&quot;file_name&quot;:&quot;default.php&quot;,&quot;name&quot;:&quot;Post-Timeline&quot;}\" data-class=\"Essential_Addons_Elementor\\Elements\\Post_Timeline\" data-layout=\"\" data-page=\"1\" data-args=\"orderby=date&amp;order=desc&amp;ignore_sticky_posts=1&amp;post_status=publish&amp;posts_per_page=6&amp;offset=0&amp;post_type=post&amp;tax_query%5B0%5D%5Btaxonomy%5D=category&amp;tax_query%5B0%5D%5Bfield%5D=term_id&amp;tax_query%5B0%5D%5Bterms%5D%5B0%5D=15&amp;tax_query%5Brelation%5D=AND\" data-max-page=\"16\">\n                    <span class=\"eael-btn-loader button__loader\"><\/span>\n                    <span class=\"eael_load_more_text\">En voir plus<\/span>\n                <\/button>\n            <\/div>\n            \t\t\t\t<\/div>\n\t\t\t\t<\/div>\n\t\t\t\t\t<\/div>\n\t\t<\/div>\n\t\t\t\t\t<\/div>\n\t\t<\/section>\n\t\t\t\t<\/div>\n\t\t","protected":false},"excerpt":{"rendered":"<p>Nos \u00e9v\u00e9nements \u00e0 venir Ebar &#8211; Soir\u00e9e Pixel (AoE4) Soir\u00e9e de l&#8217;association au E-bar de Besan\u00e7on ( 37 Avenue&#8230; En Savoir Plus Anniversaire de la maison de l\u2019adolescent Pour ses 15 ans la maison de l\u2019adolescent, organise une&#8230; En Savoir Plus Nos \u00e9v\u00e9nements pass\u00e9s 2 octobre 2021 Le B.U.G. c&#8217;est votre convention Pop Culture \u00e0 [&hellip;]<\/p>\n","protected":false},"author":1,"featured_media":0,"parent":0,"menu_order":0,"comment_status":"closed","ping_status":"closed","template":"","meta":{"ocean_post_layout":"full-width","ocean_both_sidebars_style":"","ocean_both_sidebars_content_width":0,"ocean_both_sidebars_sidebars_width":0,"ocean_sidebar":"0","ocean_second_sidebar":"0","ocean_disable_margins":"enable","ocean_add_body_class":"","ocean_shortcode_before_top_bar":"","ocean_shortcode_after_top_bar":"","ocean_shortcode_before_header":"","ocean_shortcode_after_header":"","ocean_has_shortcode":"","ocean_shortcode_after_title":"","ocean_shortcode_before_footer_widgets":"","ocean_shortcode_after_footer_widgets":"","ocean_shortcode_before_footer_bottom":"","ocean_shortcode_after_footer_bottom":"","ocean_display_top_bar":"default","ocean_display_header":"default","ocean_header_style":"","ocean_center_header_left_menu":"0","ocean_custom_header_template":"0","ocean_custom_logo":0,"ocean_custom_retina_logo":0,"ocean_custom_logo_max_width":0,"ocean_custom_logo_tablet_max_width":0,"ocean_custom_logo_mobile_max_width":0,"ocean_custom_logo_max_height":0,"ocean_custom_logo_tablet_max_height":0,"ocean_custom_logo_mobile_max_height":0,"ocean_header_custom_menu":"0","ocean_menu_typo_font_family":"0","ocean_menu_typo_font_subset":"","ocean_menu_typo_font_size":0,"ocean_menu_typo_font_size_tablet":0,"ocean_menu_typo_font_size_mobile":0,"ocean_menu_typo_font_size_unit":"px","ocean_menu_typo_font_weight":"","ocean_menu_typo_font_weight_tablet":"","ocean_menu_typo_font_weight_mobile":"","ocean_menu_typo_transform":"","ocean_menu_typo_transform_tablet":"","ocean_menu_typo_transform_mobile":"","ocean_menu_typo_line_height":0,"ocean_menu_typo_line_height_tablet":0,"ocean_menu_typo_line_height_mobile":0,"ocean_menu_typo_line_height_unit":"","ocean_menu_typo_spacing":0,"ocean_menu_typo_spacing_tablet":0,"ocean_menu_typo_spacing_mobile":0,"ocean_menu_typo_spacing_unit":"","ocean_menu_link_color":"","ocean_menu_link_color_hover":"","ocean_menu_link_color_active":"","ocean_menu_link_background":"","ocean_menu_link_hover_background":"","ocean_menu_link_active_background":"","ocean_menu_social_links_bg":"","ocean_menu_social_hover_links_bg":"","ocean_menu_social_links_color":"","ocean_menu_social_hover_links_color":"","ocean_disable_title":"default","ocean_disable_heading":"default","ocean_post_title":"","ocean_post_subheading":"","ocean_post_title_style":"","ocean_post_title_background_color":"","ocean_post_title_background":0,"ocean_post_title_bg_image_position":"","ocean_post_title_bg_image_attachment":"","ocean_post_title_bg_image_repeat":"","ocean_post_title_bg_image_size":"","ocean_post_title_height":0,"ocean_post_title_bg_overlay":0.5,"ocean_post_title_bg_overlay_color":"","ocean_disable_breadcrumbs":"default","ocean_breadcrumbs_color":"","ocean_breadcrumbs_separator_color":"","ocean_breadcrumbs_links_color":"","ocean_breadcrumbs_links_hover_color":"","ocean_display_footer_widgets":"default","ocean_display_footer_bottom":"default","ocean_custom_footer_template":"0","footnotes":""},"class_list":["post-264","page","type-page","status-publish","hentry","entry","has-media"],"yoast_head":"<!-- This site is optimized with the Yoast SEO plugin v24.4 - https:\/\/yoast.com\/wordpress\/plugins\/seo\/ -->\n<title>Agenda - Pixel Bisontin<\/title>\n<meta name=\"robots\" content=\"index, follow, max-snippet:-1, max-image-preview:large, max-video-preview:-1\" \/>\n<link rel=\"canonical\" href=\"https:\/\/pixelbisontin.fr\/index.php\/agenda-2\/\" \/>\n<meta property=\"og:locale\" content=\"fr_FR\" \/>\n<meta property=\"og:type\" content=\"article\" \/>\n<meta property=\"og:title\" content=\"Agenda - Pixel Bisontin\" \/>\n<meta property=\"og:description\" content=\"Nos \u00e9v\u00e9nements \u00e0 venir Ebar &#8211; Soir\u00e9e Pixel (AoE4) Soir\u00e9e de l&#8217;association au E-bar de Besan\u00e7on ( 37 Avenue&#8230; En Savoir Plus Anniversaire de la maison de l\u2019adolescent Pour ses 15 ans la maison de l\u2019adolescent, organise une&#8230; En Savoir Plus Nos \u00e9v\u00e9nements pass\u00e9s 2 octobre 2021 Le B.U.G. c&#8217;est votre convention Pop Culture \u00e0 [&hellip;]\" \/>\n<meta property=\"og:url\" content=\"https:\/\/pixelbisontin.fr\/index.php\/agenda-2\/\" \/>\n<meta property=\"og:site_name\" content=\"Pixel Bisontin\" \/>\n<meta property=\"article:publisher\" content=\"https:\/\/www.facebook.com\/PixelBisontin\" \/>\n<meta property=\"article:modified_time\" content=\"2021-11-26T19:22:10+00:00\" \/>\n<meta property=\"og:image\" content=\"https:\/\/pixelbisontin.fr\/wp-content\/uploads\/2021\/11\/aoe-4-logo-300x169.jpg\" \/>\n<meta name=\"twitter:card\" content=\"summary_large_image\" \/>\n<meta name=\"twitter:label1\" content=\"Dur\u00e9e de lecture estim\u00e9e\" \/>\n\t<meta name=\"twitter:data1\" content=\"2 minutes\" \/>\n<script type=\"application\/ld+json\" class=\"yoast-schema-graph\">{\"@context\":\"https:\/\/schema.org\",\"@graph\":[{\"@type\":\"WebPage\",\"@id\":\"https:\/\/pixelbisontin.fr\/index.php\/agenda-2\/\",\"url\":\"https:\/\/pixelbisontin.fr\/index.php\/agenda-2\/\",\"name\":\"Agenda - Pixel Bisontin\",\"isPartOf\":{\"@id\":\"https:\/\/pixelbisontin.fr\/#website\"},\"primaryImageOfPage\":{\"@id\":\"https:\/\/pixelbisontin.fr\/index.php\/agenda-2\/#primaryimage\"},\"image\":{\"@id\":\"https:\/\/pixelbisontin.fr\/index.php\/agenda-2\/#primaryimage\"},\"thumbnailUrl\":\"https:\/\/pixelbisontin.fr\/wp-content\/uploads\/2021\/11\/aoe-4-logo-300x169.jpg\",\"datePublished\":\"2021-04-09T16:48:16+00:00\",\"dateModified\":\"2021-11-26T19:22:10+00:00\",\"breadcrumb\":{\"@id\":\"https:\/\/pixelbisontin.fr\/index.php\/agenda-2\/#breadcrumb\"},\"inLanguage\":\"fr-FR\",\"potentialAction\":[{\"@type\":\"ReadAction\",\"target\":[\"https:\/\/pixelbisontin.fr\/index.php\/agenda-2\/\"]}]},{\"@type\":\"ImageObject\",\"inLanguage\":\"fr-FR\",\"@id\":\"https:\/\/pixelbisontin.fr\/index.php\/agenda-2\/#primaryimage\",\"url\":\"https:\/\/pixelbisontin.fr\/wp-content\/uploads\/2021\/11\/aoe-4-logo.jpg\",\"contentUrl\":\"https:\/\/pixelbisontin.fr\/wp-content\/uploads\/2021\/11\/aoe-4-logo.jpg\",\"width\":1200,\"height\":674},{\"@type\":\"BreadcrumbList\",\"@id\":\"https:\/\/pixelbisontin.fr\/index.php\/agenda-2\/#breadcrumb\",\"itemListElement\":[{\"@type\":\"ListItem\",\"position\":1,\"name\":\"Accueil\",\"item\":\"https:\/\/pixelbisontin.fr\/\"},{\"@type\":\"ListItem\",\"position\":2,\"name\":\"Agenda\"}]},{\"@type\":\"WebSite\",\"@id\":\"https:\/\/pixelbisontin.fr\/#website\",\"url\":\"https:\/\/pixelbisontin.fr\/\",\"name\":\"Pixel Bisontin\",\"description\":\"\",\"publisher\":{\"@id\":\"https:\/\/pixelbisontin.fr\/#organization\"},\"potentialAction\":[{\"@type\":\"SearchAction\",\"target\":{\"@type\":\"EntryPoint\",\"urlTemplate\":\"https:\/\/pixelbisontin.fr\/?s={search_term_string}\"},\"query-input\":{\"@type\":\"PropertyValueSpecification\",\"valueRequired\":true,\"valueName\":\"search_term_string\"}}],\"inLanguage\":\"fr-FR\"},{\"@type\":\"Organization\",\"@id\":\"https:\/\/pixelbisontin.fr\/#organization\",\"name\":\"Pixel Bisontin\",\"url\":\"https:\/\/pixelbisontin.fr\/\",\"logo\":{\"@type\":\"ImageObject\",\"inLanguage\":\"fr-FR\",\"@id\":\"https:\/\/pixelbisontin.fr\/#\/schema\/logo\/image\/\",\"url\":\"https:\/\/pixelbisontin.fr\/wp-content\/uploads\/2021\/04\/PIXON-20cm-1.png\",\"contentUrl\":\"https:\/\/pixelbisontin.fr\/wp-content\/uploads\/2021\/04\/PIXON-20cm-1.png\",\"width\":2362,\"height\":1756,\"caption\":\"Pixel Bisontin\"},\"image\":{\"@id\":\"https:\/\/pixelbisontin.fr\/#\/schema\/logo\/image\/\"},\"sameAs\":[\"https:\/\/www.facebook.com\/PixelBisontin\"]}]}<\/script>\n<!-- \/ Yoast SEO plugin. -->","yoast_head_json":{"title":"Agenda - Pixel Bisontin","robots":{"index":"index","follow":"follow","max-snippet":"max-snippet:-1","max-image-preview":"max-image-preview:large","max-video-preview":"max-video-preview:-1"},"canonical":"https:\/\/pixelbisontin.fr\/index.php\/agenda-2\/","og_locale":"fr_FR","og_type":"article","og_title":"Agenda - Pixel Bisontin","og_description":"Nos \u00e9v\u00e9nements \u00e0 venir Ebar &#8211; Soir\u00e9e Pixel (AoE4) Soir\u00e9e de l&#8217;association au E-bar de Besan\u00e7on ( 37 Avenue&#8230; En Savoir Plus Anniversaire de la maison de l\u2019adolescent Pour ses 15 ans la maison de l\u2019adolescent, organise une&#8230; En Savoir Plus Nos \u00e9v\u00e9nements pass\u00e9s 2 octobre 2021 Le B.U.G. c&#8217;est votre convention Pop Culture \u00e0 [&hellip;]","og_url":"https:\/\/pixelbisontin.fr\/index.php\/agenda-2\/","og_site_name":"Pixel Bisontin","article_publisher":"https:\/\/www.facebook.com\/PixelBisontin","article_modified_time":"2021-11-26T19:22:10+00:00","og_image":[{"url":"https:\/\/pixelbisontin.fr\/wp-content\/uploads\/2021\/11\/aoe-4-logo-300x169.jpg","type":"","width":"","height":""}],"twitter_card":"summary_large_image","twitter_misc":{"Dur\u00e9e de lecture estim\u00e9e":"2 minutes"},"schema":{"@context":"https:\/\/schema.org","@graph":[{"@type":"WebPage","@id":"https:\/\/pixelbisontin.fr\/index.php\/agenda-2\/","url":"https:\/\/pixelbisontin.fr\/index.php\/agenda-2\/","name":"Agenda - Pixel Bisontin","isPartOf":{"@id":"https:\/\/pixelbisontin.fr\/#website"},"primaryImageOfPage":{"@id":"https:\/\/pixelbisontin.fr\/index.php\/agenda-2\/#primaryimage"},"image":{"@id":"https:\/\/pixelbisontin.fr\/index.php\/agenda-2\/#primaryimage"},"thumbnailUrl":"https:\/\/pixelbisontin.fr\/wp-content\/uploads\/2021\/11\/aoe-4-logo-300x169.jpg","datePublished":"2021-04-09T16:48:16+00:00","dateModified":"2021-11-26T19:22:10+00:00","breadcrumb":{"@id":"https:\/\/pixelbisontin.fr\/index.php\/agenda-2\/#breadcrumb"},"inLanguage":"fr-FR","potentialAction":[{"@type":"ReadAction","target":["https:\/\/pixelbisontin.fr\/index.php\/agenda-2\/"]}]},{"@type":"ImageObject","inLanguage":"fr-FR","@id":"https:\/\/pixelbisontin.fr\/index.php\/agenda-2\/#primaryimage","url":"https:\/\/pixelbisontin.fr\/wp-content\/uploads\/2021\/11\/aoe-4-logo.jpg","contentUrl":"https:\/\/pixelbisontin.fr\/wp-content\/uploads\/2021\/11\/aoe-4-logo.jpg","width":1200,"height":674},{"@type":"BreadcrumbList","@id":"https:\/\/pixelbisontin.fr\/index.php\/agenda-2\/#breadcrumb","itemListElement":[{"@type":"ListItem","position":1,"name":"Accueil","item":"https:\/\/pixelbisontin.fr\/"},{"@type":"ListItem","position":2,"name":"Agenda"}]},{"@type":"WebSite","@id":"https:\/\/pixelbisontin.fr\/#website","url":"https:\/\/pixelbisontin.fr\/","name":"Pixel Bisontin","description":"","publisher":{"@id":"https:\/\/pixelbisontin.fr\/#organization"},"potentialAction":[{"@type":"SearchAction","target":{"@type":"EntryPoint","urlTemplate":"https:\/\/pixelbisontin.fr\/?s={search_term_string}"},"query-input":{"@type":"PropertyValueSpecification","valueRequired":true,"valueName":"search_term_string"}}],"inLanguage":"fr-FR"},{"@type":"Organization","@id":"https:\/\/pixelbisontin.fr\/#organization","name":"Pixel Bisontin","url":"https:\/\/pixelbisontin.fr\/","logo":{"@type":"ImageObject","inLanguage":"fr-FR","@id":"https:\/\/pixelbisontin.fr\/#\/schema\/logo\/image\/","url":"https:\/\/pixelbisontin.fr\/wp-content\/uploads\/2021\/04\/PIXON-20cm-1.png","contentUrl":"https:\/\/pixelbisontin.fr\/wp-content\/uploads\/2021\/04\/PIXON-20cm-1.png","width":2362,"height":1756,"caption":"Pixel Bisontin"},"image":{"@id":"https:\/\/pixelbisontin.fr\/#\/schema\/logo\/image\/"},"sameAs":["https:\/\/www.facebook.com\/PixelBisontin"]}]}},"_links":{"self":[{"href":"https:\/\/pixelbisontin.fr\/index.php\/wp-json\/wp\/v2\/pages\/264","targetHints":{"allow":["GET"]}}],"collection":[{"href":"https:\/\/pixelbisontin.fr\/index.php\/wp-json\/wp\/v2\/pages"}],"about":[{"href":"https:\/\/pixelbisontin.fr\/index.php\/wp-json\/wp\/v2\/types\/page"}],"author":[{"embeddable":true,"href":"https:\/\/pixelbisontin.fr\/index.php\/wp-json\/wp\/v2\/users\/1"}],"replies":[{"embeddable":true,"href":"https:\/\/pixelbisontin.fr\/index.php\/wp-json\/wp\/v2\/comments?post=264"}],"version-history":[{"count":39,"href":"https:\/\/pixelbisontin.fr\/index.php\/wp-json\/wp\/v2\/pages\/264\/revisions"}],"predecessor-version":[{"id":1684,"href":"https:\/\/pixelbisontin.fr\/index.php\/wp-json\/wp\/v2\/pages\/264\/revisions\/1684"}],"wp:attachment":[{"href":"https:\/\/pixelbisontin.fr\/index.php\/wp-json\/wp\/v2\/media?parent=264"}],"curies":[{"name":"wp","href":"https:\/\/api.w.org\/{rel}","templated":true}]}}