{"id":263,"date":"2021-04-09T18:48:16","date_gmt":"2021-04-09T16:48:16","guid":{"rendered":"http:\/\/mfknuob.cluster029.hosting.ovh.net\/?page_id=263"},"modified":"2021-10-04T09:43:26","modified_gmt":"2021-10-04T07:43:26","slug":"nous-rejoindre","status":"publish","type":"page","link":"https:\/\/pixelbisontin.fr\/index.php\/nous-rejoindre\/","title":{"rendered":"Nous rejoindre"},"content":{"rendered":"\t\t<div data-elementor-type=\"wp-page\" data-elementor-id=\"263\" class=\"elementor elementor-263\" data-elementor-settings=\"{&quot;ha_cmc_init_switcher&quot;:&quot;no&quot;}\">\n\t\t\t\t\t\t<section class=\"elementor-section elementor-top-section elementor-element elementor-element-5422a6e elementor-section-boxed elementor-section-height-default elementor-section-height-default\" data-id=\"5422a6e\" data-element_type=\"section\" data-settings=\"{&quot;_ha_eqh_enable&quot;:false}\">\n\t\t\t\t\t\t<div class=\"elementor-container elementor-column-gap-default\">\n\t\t\t\t\t<div class=\"elementor-column elementor-col-50 elementor-top-column elementor-element elementor-element-efab100\" data-id=\"efab100\" data-element_type=\"column\">\n\t\t\t<div class=\"elementor-widget-wrap elementor-element-populated\">\n\t\t\t\t\t\t<div class=\"elementor-element elementor-element-e48a5d0 elementor-widget elementor-widget-heading\" data-id=\"e48a5d0\" data-element_type=\"widget\" data-widget_type=\"heading.default\">\n\t\t\t\t<div class=\"elementor-widget-container\">\n\t\t\t\t\t<h1 class=\"elementor-heading-title elementor-size-xl\">Pixel a besoin de vous !<\/h1>\t\t\t\t<\/div>\n\t\t\t\t<\/div>\n\t\t\t\t<div class=\"elementor-element elementor-element-dac91df elementor-widget-divider--view-line elementor-widget elementor-widget-divider\" data-id=\"dac91df\" data-element_type=\"widget\" data-widget_type=\"divider.default\">\n\t\t\t\t<div class=\"elementor-widget-container\">\n\t\t\t\t\t\t\t<div class=\"elementor-divider\">\n\t\t\t<span class=\"elementor-divider-separator\">\n\t\t\t\t\t\t<\/span>\n\t\t<\/div>\n\t\t\t\t\t\t<\/div>\n\t\t\t\t<\/div>\n\t\t\t\t<div class=\"elementor-element elementor-element-7ba1029 elementor-widget elementor-widget-text-editor\" data-id=\"7ba1029\" data-element_type=\"widget\" data-widget_type=\"text-editor.default\">\n\t\t\t\t<div class=\"elementor-widget-container\">\n\t\t\t\t\t\t\t\t\t<h3 style=\"text-align: left;\">\u00a0 \u00a0 \u00a0 \u00a0 \u00a0 \u00a0 \u00a0 \u00a0 \u00a0 \u00a0<\/h3><p style=\"text-align: left;\">Passionn\u00e9\u00b7e de retrogaming avec l&rsquo;envie de partager ta passion ?<br \/>Int\u00e9ress\u00e9\u00b7e par la sauvegarde du patrimoine vid\u00e9oludique ? Ou alors juste envie de d\u00e9couvrir l&rsquo;envers du d\u00e9cor et de donner de ton temps pour aider une association ?<\/p><p style=\"text-align: left;\">Nous serons tr\u00e8s heureux\u00b7se de te compter parmi nous !<br \/>N&rsquo;h\u00e9site pas \u00e0 nous contacter via le <a href=\"https:\/\/pixelbisontin.fr\/index.php\/contact\/\">formulaire de contact<\/a>, par <a href=\"https:\/\/www.facebook.com\/gaming\/PixelBisontin\">facebook<\/a> ou notre mail\u00a0: <a href=\"mailto:pixelbisontin@gmail.com\">pixelbisontin@gmail.com<\/a><\/p>\t\t\t\t\t\t\t\t<\/div>\n\t\t\t\t<\/div>\n\t\t\t\t\t<\/div>\n\t\t<\/div>\n\t\t\t\t<div class=\"elementor-column elementor-col-50 elementor-top-column elementor-element elementor-element-78ad158\" data-id=\"78ad158\" data-element_type=\"column\">\n\t\t\t<div class=\"elementor-widget-wrap elementor-element-populated\">\n\t\t\t\t\t\t<div class=\"elementor-element elementor-element-4a8583b elementor-widget elementor-widget-image\" data-id=\"4a8583b\" data-element_type=\"widget\" data-widget_type=\"image.default\">\n\t\t\t\t<div class=\"elementor-widget-container\">\n\t\t\t\t\t\t\t\t\t\t\t\t\t\t\t<img fetchpriority=\"high\" decoding=\"async\" width=\"1019\" height=\"1024\" src=\"https:\/\/pixelbisontin.fr\/wp-content\/uploads\/2021\/05\/27048270_10212199991127650_591544525_o-1-1019x1024.jpg\" class=\"attachment-large size-large wp-image-1363\" alt=\"\" srcset=\"https:\/\/pixelbisontin.fr\/wp-content\/uploads\/2021\/05\/27048270_10212199991127650_591544525_o-1-1019x1024.jpg 1019w, https:\/\/pixelbisontin.fr\/wp-content\/uploads\/2021\/05\/27048270_10212199991127650_591544525_o-1-300x300.jpg 300w, https:\/\/pixelbisontin.fr\/wp-content\/uploads\/2021\/05\/27048270_10212199991127650_591544525_o-1-150x150.jpg 150w, https:\/\/pixelbisontin.fr\/wp-content\/uploads\/2021\/05\/27048270_10212199991127650_591544525_o-1-768x772.jpg 768w, https:\/\/pixelbisontin.fr\/wp-content\/uploads\/2021\/05\/27048270_10212199991127650_591544525_o-1.jpg 1529w\" sizes=\"(max-width: 1019px) 100vw, 1019px\" \/>\t\t\t\t\t\t\t\t\t\t\t\t\t\t\t<\/div>\n\t\t\t\t<\/div>\n\t\t\t\t\t<\/div>\n\t\t<\/div>\n\t\t\t\t\t<\/div>\n\t\t<\/section>\n\t\t\t\t<\/div>\n\t\t","protected":false},"excerpt":{"rendered":"<p>Pixel a besoin de vous ! \u00a0 \u00a0 \u00a0 \u00a0 \u00a0 \u00a0 \u00a0 \u00a0 \u00a0 \u00a0 Passionn\u00e9\u00b7e de retrogaming avec l&rsquo;envie de partager ta passion ?Int\u00e9ress\u00e9\u00b7e par la sauvegarde du patrimoine vid\u00e9oludique ? Ou alors juste envie de d\u00e9couvrir l&rsquo;envers du d\u00e9cor et de donner de ton temps pour aider une association ? Nous serons [&hellip;]<\/p>\n","protected":false},"author":1,"featured_media":0,"parent":0,"menu_order":0,"comment_status":"closed","ping_status":"closed","template":"","meta":{"ocean_post_layout":"full-width","ocean_both_sidebars_style":"","ocean_both_sidebars_content_width":0,"ocean_both_sidebars_sidebars_width":0,"ocean_sidebar":"0","ocean_second_sidebar":"0","ocean_disable_margins":"enable","ocean_add_body_class":"","ocean_shortcode_before_top_bar":"","ocean_shortcode_after_top_bar":"","ocean_shortcode_before_header":"","ocean_shortcode_after_header":"","ocean_has_shortcode":"","ocean_shortcode_after_title":"","ocean_shortcode_before_footer_widgets":"","ocean_shortcode_after_footer_widgets":"","ocean_shortcode_before_footer_bottom":"","ocean_shortcode_after_footer_bottom":"","ocean_display_top_bar":"default","ocean_display_header":"default","ocean_header_style":"","ocean_center_header_left_menu":"0","ocean_custom_header_template":"0","ocean_custom_logo":0,"ocean_custom_retina_logo":0,"ocean_custom_logo_max_width":0,"ocean_custom_logo_tablet_max_width":0,"ocean_custom_logo_mobile_max_width":0,"ocean_custom_logo_max_height":0,"ocean_custom_logo_tablet_max_height":0,"ocean_custom_logo_mobile_max_height":0,"ocean_header_custom_menu":"0","ocean_menu_typo_font_family":"0","ocean_menu_typo_font_subset":"","ocean_menu_typo_font_size":0,"ocean_menu_typo_font_size_tablet":0,"ocean_menu_typo_font_size_mobile":0,"ocean_menu_typo_font_size_unit":"px","ocean_menu_typo_font_weight":"","ocean_menu_typo_font_weight_tablet":"","ocean_menu_typo_font_weight_mobile":"","ocean_menu_typo_transform":"","ocean_menu_typo_transform_tablet":"","ocean_menu_typo_transform_mobile":"","ocean_menu_typo_line_height":0,"ocean_menu_typo_line_height_tablet":0,"ocean_menu_typo_line_height_mobile":0,"ocean_menu_typo_line_height_unit":"","ocean_menu_typo_spacing":0,"ocean_menu_typo_spacing_tablet":0,"ocean_menu_typo_spacing_mobile":0,"ocean_menu_typo_spacing_unit":"","ocean_menu_link_color":"","ocean_menu_link_color_hover":"","ocean_menu_link_color_active":"","ocean_menu_link_background":"","ocean_menu_link_hover_background":"","ocean_menu_link_active_background":"","ocean_menu_social_links_bg":"","ocean_menu_social_hover_links_bg":"","ocean_menu_social_links_color":"","ocean_menu_social_hover_links_color":"","ocean_disable_title":"default","ocean_disable_heading":"default","ocean_post_title":"","ocean_post_subheading":"","ocean_post_title_style":"","ocean_post_title_background_color":"","ocean_post_title_background":0,"ocean_post_title_bg_image_position":"","ocean_post_title_bg_image_attachment":"","ocean_post_title_bg_image_repeat":"","ocean_post_title_bg_image_size":"","ocean_post_title_height":0,"ocean_post_title_bg_overlay":0.5,"ocean_post_title_bg_overlay_color":"","ocean_disable_breadcrumbs":"default","ocean_breadcrumbs_color":"","ocean_breadcrumbs_separator_color":"","ocean_breadcrumbs_links_color":"","ocean_breadcrumbs_links_hover_color":"","ocean_display_footer_widgets":"default","ocean_display_footer_bottom":"default","ocean_custom_footer_template":"0","footnotes":""},"class_list":["post-263","page","type-page","status-publish","hentry","entry"],"yoast_head":"<!-- This site is optimized with the Yoast SEO plugin v24.4 - https:\/\/yoast.com\/wordpress\/plugins\/seo\/ -->\n<title>Nous rejoindre - Pixel Bisontin<\/title>\n<meta name=\"robots\" content=\"index, follow, max-snippet:-1, max-image-preview:large, max-video-preview:-1\" \/>\n<link rel=\"canonical\" href=\"https:\/\/pixelbisontin.fr\/index.php\/nous-rejoindre\/\" \/>\n<meta property=\"og:locale\" content=\"fr_FR\" \/>\n<meta property=\"og:type\" content=\"article\" \/>\n<meta property=\"og:title\" content=\"Nous rejoindre - Pixel Bisontin\" \/>\n<meta property=\"og:description\" content=\"Pixel a besoin de vous ! \u00a0 \u00a0 \u00a0 \u00a0 \u00a0 \u00a0 \u00a0 \u00a0 \u00a0 \u00a0 Passionn\u00e9\u00b7e de retrogaming avec l&rsquo;envie de partager ta passion ?Int\u00e9ress\u00e9\u00b7e par la sauvegarde du patrimoine vid\u00e9oludique ? Ou alors juste envie de d\u00e9couvrir l&rsquo;envers du d\u00e9cor et de donner de ton temps pour aider une association ? Nous serons [&hellip;]\" \/>\n<meta property=\"og:url\" content=\"https:\/\/pixelbisontin.fr\/index.php\/nous-rejoindre\/\" \/>\n<meta property=\"og:site_name\" content=\"Pixel Bisontin\" \/>\n<meta property=\"article:publisher\" content=\"https:\/\/www.facebook.com\/PixelBisontin\" \/>\n<meta property=\"article:modified_time\" content=\"2021-10-04T07:43:26+00:00\" \/>\n<meta property=\"og:image\" content=\"https:\/\/pixelbisontin.fr\/wp-content\/uploads\/2021\/05\/27048270_10212199991127650_591544525_o-1-1019x1024.jpg\" \/>\n<meta name=\"twitter:card\" content=\"summary_large_image\" \/>\n<meta name=\"twitter:label1\" content=\"Dur\u00e9e de lecture estim\u00e9e\" \/>\n\t<meta name=\"twitter:data1\" content=\"1 minute\" \/>\n<script type=\"application\/ld+json\" class=\"yoast-schema-graph\">{\"@context\":\"https:\/\/schema.org\",\"@graph\":[{\"@type\":\"WebPage\",\"@id\":\"https:\/\/pixelbisontin.fr\/index.php\/nous-rejoindre\/\",\"url\":\"https:\/\/pixelbisontin.fr\/index.php\/nous-rejoindre\/\",\"name\":\"Nous rejoindre - Pixel Bisontin\",\"isPartOf\":{\"@id\":\"https:\/\/pixelbisontin.fr\/#website\"},\"primaryImageOfPage\":{\"@id\":\"https:\/\/pixelbisontin.fr\/index.php\/nous-rejoindre\/#primaryimage\"},\"image\":{\"@id\":\"https:\/\/pixelbisontin.fr\/index.php\/nous-rejoindre\/#primaryimage\"},\"thumbnailUrl\":\"https:\/\/pixelbisontin.fr\/wp-content\/uploads\/2021\/05\/27048270_10212199991127650_591544525_o-1-1019x1024.jpg\",\"datePublished\":\"2021-04-09T16:48:16+00:00\",\"dateModified\":\"2021-10-04T07:43:26+00:00\",\"breadcrumb\":{\"@id\":\"https:\/\/pixelbisontin.fr\/index.php\/nous-rejoindre\/#breadcrumb\"},\"inLanguage\":\"fr-FR\",\"potentialAction\":[{\"@type\":\"ReadAction\",\"target\":[\"https:\/\/pixelbisontin.fr\/index.php\/nous-rejoindre\/\"]}]},{\"@type\":\"ImageObject\",\"inLanguage\":\"fr-FR\",\"@id\":\"https:\/\/pixelbisontin.fr\/index.php\/nous-rejoindre\/#primaryimage\",\"url\":\"https:\/\/pixelbisontin.fr\/wp-content\/uploads\/2021\/05\/27048270_10212199991127650_591544525_o-1.jpg\",\"contentUrl\":\"https:\/\/pixelbisontin.fr\/wp-content\/uploads\/2021\/05\/27048270_10212199991127650_591544525_o-1.jpg\",\"width\":1529,\"height\":1536},{\"@type\":\"BreadcrumbList\",\"@id\":\"https:\/\/pixelbisontin.fr\/index.php\/nous-rejoindre\/#breadcrumb\",\"itemListElement\":[{\"@type\":\"ListItem\",\"position\":1,\"name\":\"Accueil\",\"item\":\"https:\/\/pixelbisontin.fr\/\"},{\"@type\":\"ListItem\",\"position\":2,\"name\":\"Nous rejoindre\"}]},{\"@type\":\"WebSite\",\"@id\":\"https:\/\/pixelbisontin.fr\/#website\",\"url\":\"https:\/\/pixelbisontin.fr\/\",\"name\":\"Pixel Bisontin\",\"description\":\"\",\"publisher\":{\"@id\":\"https:\/\/pixelbisontin.fr\/#organization\"},\"potentialAction\":[{\"@type\":\"SearchAction\",\"target\":{\"@type\":\"EntryPoint\",\"urlTemplate\":\"https:\/\/pixelbisontin.fr\/?s={search_term_string}\"},\"query-input\":{\"@type\":\"PropertyValueSpecification\",\"valueRequired\":true,\"valueName\":\"search_term_string\"}}],\"inLanguage\":\"fr-FR\"},{\"@type\":\"Organization\",\"@id\":\"https:\/\/pixelbisontin.fr\/#organization\",\"name\":\"Pixel Bisontin\",\"url\":\"https:\/\/pixelbisontin.fr\/\",\"logo\":{\"@type\":\"ImageObject\",\"inLanguage\":\"fr-FR\",\"@id\":\"https:\/\/pixelbisontin.fr\/#\/schema\/logo\/image\/\",\"url\":\"https:\/\/pixelbisontin.fr\/wp-content\/uploads\/2021\/04\/PIXON-20cm-1.png\",\"contentUrl\":\"https:\/\/pixelbisontin.fr\/wp-content\/uploads\/2021\/04\/PIXON-20cm-1.png\",\"width\":2362,\"height\":1756,\"caption\":\"Pixel Bisontin\"},\"image\":{\"@id\":\"https:\/\/pixelbisontin.fr\/#\/schema\/logo\/image\/\"},\"sameAs\":[\"https:\/\/www.facebook.com\/PixelBisontin\"]}]}<\/script>\n<!-- \/ Yoast SEO plugin. -->","yoast_head_json":{"title":"Nous rejoindre - Pixel Bisontin","robots":{"index":"index","follow":"follow","max-snippet":"max-snippet:-1","max-image-preview":"max-image-preview:large","max-video-preview":"max-video-preview:-1"},"canonical":"https:\/\/pixelbisontin.fr\/index.php\/nous-rejoindre\/","og_locale":"fr_FR","og_type":"article","og_title":"Nous rejoindre - Pixel Bisontin","og_description":"Pixel a besoin de vous ! \u00a0 \u00a0 \u00a0 \u00a0 \u00a0 \u00a0 \u00a0 \u00a0 \u00a0 \u00a0 Passionn\u00e9\u00b7e de retrogaming avec l&rsquo;envie de partager ta passion ?Int\u00e9ress\u00e9\u00b7e par la sauvegarde du patrimoine vid\u00e9oludique ? Ou alors juste envie de d\u00e9couvrir l&rsquo;envers du d\u00e9cor et de donner de ton temps pour aider une association ? Nous serons [&hellip;]","og_url":"https:\/\/pixelbisontin.fr\/index.php\/nous-rejoindre\/","og_site_name":"Pixel Bisontin","article_publisher":"https:\/\/www.facebook.com\/PixelBisontin","article_modified_time":"2021-10-04T07:43:26+00:00","og_image":[{"url":"https:\/\/pixelbisontin.fr\/wp-content\/uploads\/2021\/05\/27048270_10212199991127650_591544525_o-1-1019x1024.jpg","type":"","width":"","height":""}],"twitter_card":"summary_large_image","twitter_misc":{"Dur\u00e9e de lecture estim\u00e9e":"1 minute"},"schema":{"@context":"https:\/\/schema.org","@graph":[{"@type":"WebPage","@id":"https:\/\/pixelbisontin.fr\/index.php\/nous-rejoindre\/","url":"https:\/\/pixelbisontin.fr\/index.php\/nous-rejoindre\/","name":"Nous rejoindre - Pixel Bisontin","isPartOf":{"@id":"https:\/\/pixelbisontin.fr\/#website"},"primaryImageOfPage":{"@id":"https:\/\/pixelbisontin.fr\/index.php\/nous-rejoindre\/#primaryimage"},"image":{"@id":"https:\/\/pixelbisontin.fr\/index.php\/nous-rejoindre\/#primaryimage"},"thumbnailUrl":"https:\/\/pixelbisontin.fr\/wp-content\/uploads\/2021\/05\/27048270_10212199991127650_591544525_o-1-1019x1024.jpg","datePublished":"2021-04-09T16:48:16+00:00","dateModified":"2021-10-04T07:43:26+00:00","breadcrumb":{"@id":"https:\/\/pixelbisontin.fr\/index.php\/nous-rejoindre\/#breadcrumb"},"inLanguage":"fr-FR","potentialAction":[{"@type":"ReadAction","target":["https:\/\/pixelbisontin.fr\/index.php\/nous-rejoindre\/"]}]},{"@type":"ImageObject","inLanguage":"fr-FR","@id":"https:\/\/pixelbisontin.fr\/index.php\/nous-rejoindre\/#primaryimage","url":"https:\/\/pixelbisontin.fr\/wp-content\/uploads\/2021\/05\/27048270_10212199991127650_591544525_o-1.jpg","contentUrl":"https:\/\/pixelbisontin.fr\/wp-content\/uploads\/2021\/05\/27048270_10212199991127650_591544525_o-1.jpg","width":1529,"height":1536},{"@type":"BreadcrumbList","@id":"https:\/\/pixelbisontin.fr\/index.php\/nous-rejoindre\/#breadcrumb","itemListElement":[{"@type":"ListItem","position":1,"name":"Accueil","item":"https:\/\/pixelbisontin.fr\/"},{"@type":"ListItem","position":2,"name":"Nous rejoindre"}]},{"@type":"WebSite","@id":"https:\/\/pixelbisontin.fr\/#website","url":"https:\/\/pixelbisontin.fr\/","name":"Pixel Bisontin","description":"","publisher":{"@id":"https:\/\/pixelbisontin.fr\/#organization"},"potentialAction":[{"@type":"SearchAction","target":{"@type":"EntryPoint","urlTemplate":"https:\/\/pixelbisontin.fr\/?s={search_term_string}"},"query-input":{"@type":"PropertyValueSpecification","valueRequired":true,"valueName":"search_term_string"}}],"inLanguage":"fr-FR"},{"@type":"Organization","@id":"https:\/\/pixelbisontin.fr\/#organization","name":"Pixel Bisontin","url":"https:\/\/pixelbisontin.fr\/","logo":{"@type":"ImageObject","inLanguage":"fr-FR","@id":"https:\/\/pixelbisontin.fr\/#\/schema\/logo\/image\/","url":"https:\/\/pixelbisontin.fr\/wp-content\/uploads\/2021\/04\/PIXON-20cm-1.png","contentUrl":"https:\/\/pixelbisontin.fr\/wp-content\/uploads\/2021\/04\/PIXON-20cm-1.png","width":2362,"height":1756,"caption":"Pixel Bisontin"},"image":{"@id":"https:\/\/pixelbisontin.fr\/#\/schema\/logo\/image\/"},"sameAs":["https:\/\/www.facebook.com\/PixelBisontin"]}]}},"_links":{"self":[{"href":"https:\/\/pixelbisontin.fr\/index.php\/wp-json\/wp\/v2\/pages\/263","targetHints":{"allow":["GET"]}}],"collection":[{"href":"https:\/\/pixelbisontin.fr\/index.php\/wp-json\/wp\/v2\/pages"}],"about":[{"href":"https:\/\/pixelbisontin.fr\/index.php\/wp-json\/wp\/v2\/types\/page"}],"author":[{"embeddable":true,"href":"https:\/\/pixelbisontin.fr\/index.php\/wp-json\/wp\/v2\/users\/1"}],"replies":[{"embeddable":true,"href":"https:\/\/pixelbisontin.fr\/index.php\/wp-json\/wp\/v2\/comments?post=263"}],"version-history":[{"count":53,"href":"https:\/\/pixelbisontin.fr\/index.php\/wp-json\/wp\/v2\/pages\/263\/revisions"}],"predecessor-version":[{"id":1668,"href":"https:\/\/pixelbisontin.fr\/index.php\/wp-json\/wp\/v2\/pages\/263\/revisions\/1668"}],"wp:attachment":[{"href":"https:\/\/pixelbisontin.fr\/index.php\/wp-json\/wp\/v2\/media?parent=263"}],"curies":[{"name":"wp","href":"https:\/\/api.w.org\/{rel}","templated":true}]}}